{"id":18,"date":"2025-07-02T18:16:26","date_gmt":"2025-07-02T18:16:26","guid":{"rendered":"https:\/\/limo.lucasview.com\/about-us\/"},"modified":"2026-04-15T18:08:07","modified_gmt":"2026-04-15T18:08:07","slug":"about-us","status":"publish","type":"page","link":"https:\/\/www.limostar.pt\/?page_id=18","title":{"rendered":"Sobre N\u00f3s"},"content":{"rendered":"<p>Com anos de experi\u00eancia e confian\u00e7a em Lisboa, Cascais e Sintra, a nossa empresa de t\u00e1xis, a <a href=\"https:\/\/www.taxi24sintra.com\/\" target=\"_blank\" rel=\"noopener\">taxi24sintra.com<\/a> tem sido o parceiro de elei\u00e7\u00e3o em mobilidade. Agora, estamos entusiasmados por lan\u00e7ar um novo servi\u00e7o exclusivo: <strong>limousines de luxo<\/strong>!<\/p>\n<p>Prepare-se para elevar as suas viagens a um novo patamar de conforto e eleg\u00e2ncia, seja para eventos especiais, neg\u00f3cios ou simplesmente para desfrutar de um toque de glamour. Venha descobrir a excel\u00eancia que nos define, agora com ainda mais estilo \u00e0 sua disposi\u00e7\u00e3o.<\/p>\n<p>Consulte <a href=\"https:\/\/limo.lucasview.com\/?page_id=186\">os nossos servi\u00e7os<\/a> e reserve j\u00e1 o servi\u00e7o que pretender.<\/p>\n<p>Estamos tamb\u00e9m dispon\u00edveis para esclarecer todas as d\u00favidas que tenha sobre os nossos servi\u00e7os ou para responder a um servi\u00e7o personalizado que pretenda, poder\u00e1 utilizar os nossos contactos ou o pr\u00f3prio <a href=\"https:\/\/limo.lucasview.com\/?page_id=17\">formul\u00e1rio de contacto<\/a>.<\/p>\n<p style=\"text-align: center;\"><img loading=\"lazy\" decoding=\"async\" class=\"alignnone size-medium wp-image-3940\" src=\"http:\/\/www.limostar.pt\/wp-content\/uploads\/2026\/04\/limoIMG-20260415-WA0009-300x225.jpg\" alt=\"\" width=\"300\" height=\"225\" \/> <img loading=\"lazy\" decoding=\"async\" class=\"alignnone  wp-image-3941\" src=\"http:\/\/www.limostar.pt\/wp-content\/uploads\/2026\/04\/limoIMG-20260415-WA0008-300x170.jpg\" alt=\"\" width=\"399\" height=\"226\" \/><\/p>\n","protected":false},"excerpt":{"rendered":"<p>Com anos de experi\u00eancia e confian\u00e7a em Lisboa, Cascais e Sintra, a nossa empresa de t\u00e1xis, a taxi24sintra.com tem sido o parceiro de elei\u00e7\u00e3o em mobilidade. Agora, estamos entusiasmados por lan\u00e7ar um novo servi\u00e7o exclusivo: limousines de luxo! Prepare-se para [&hellip;]<\/p>\n","protected":false},"author":1,"featured_media":3892,"parent":0,"menu_order":0,"comment_status":"closed","ping_status":"closed","template":"","meta":{"footnotes":""},"class_list":["post-18","page","type-page","status-publish","has-post-thumbnail","hentry"],"_links":{"self":[{"href":"https:\/\/www.limostar.pt\/index.php?rest_route=\/wp\/v2\/pages\/18","targetHints":{"allow":["GET"]}}],"collection":[{"href":"https:\/\/www.limostar.pt\/index.php?rest_route=\/wp\/v2\/pages"}],"about":[{"href":"https:\/\/www.limostar.pt\/index.php?rest_route=\/wp\/v2\/types\/page"}],"author":[{"embeddable":true,"href":"https:\/\/www.limostar.pt\/index.php?rest_route=\/wp\/v2\/users\/1"}],"replies":[{"embeddable":true,"href":"https:\/\/www.limostar.pt\/index.php?rest_route=%2Fwp%2Fv2%2Fcomments&post=18"}],"version-history":[{"count":4,"href":"https:\/\/www.limostar.pt\/index.php?rest_route=\/wp\/v2\/pages\/18\/revisions"}],"predecessor-version":[{"id":3942,"href":"https:\/\/www.limostar.pt\/index.php?rest_route=\/wp\/v2\/pages\/18\/revisions\/3942"}],"wp:featuredmedia":[{"embeddable":true,"href":"https:\/\/www.limostar.pt\/index.php?rest_route=\/wp\/v2\/media\/3892"}],"wp:attachment":[{"href":"https:\/\/www.limostar.pt\/index.php?rest_route=%2Fwp%2Fv2%2Fmedia&parent=18"}],"curies":[{"name":"wp","href":"https:\/\/api.w.org\/{rel}","templated":true}]}}